{"id":179,"date":"2026-03-05T14:20:32","date_gmt":"2026-03-05T13:20:32","guid":{"rendered":"https:\/\/algerian-business.com\/?page_id=179"},"modified":"2026-03-05T14:23:15","modified_gmt":"2026-03-05T13:23:15","slug":"coming-soon","status":"publish","type":"page","link":"https:\/\/algerian-business.com\/","title":{"rendered":"Coming soon"},"content":{"rendered":"\t\t<div data-elementor-type=\"wp-page\" data-elementor-id=\"179\" class=\"elementor elementor-179\">\n\t\t\t\t<div class=\"elementor-element elementor-element-4f5c7e1 e-flex e-con-boxed e-con e-parent\" data-id=\"4f5c7e1\" data-element_type=\"container\" data-e-type=\"container\">\n\t\t\t\t\t<div class=\"e-con-inner\">\n\t\t\t\t\t<\/div>\n\t\t\t\t<\/div>\n\t\t<div class=\"elementor-element elementor-element-28c250f e-con-full e-flex e-con e-parent\" data-id=\"28c250f\" data-element_type=\"container\" data-e-type=\"container\" data-settings=\"{&quot;background_background&quot;:&quot;classic&quot;}\">\n\t\t<div class=\"elementor-element elementor-element-67d0f64 e-con-full e-flex e-con e-child\" data-id=\"67d0f64\" data-element_type=\"container\" data-e-type=\"container\" data-settings=\"{&quot;background_background&quot;:&quot;classic&quot;}\">\n\t\t\t\t<div class=\"elementor-element elementor-element-d6de8b8 elementor-widget elementor-widget-image\" data-id=\"d6de8b8\" data-element_type=\"widget\" data-e-type=\"widget\" data-widget_type=\"image.default\">\n\t\t\t\t\t\t\t\t\t\t\t\t\t\t\t<img fetchpriority=\"high\" decoding=\"async\" width=\"1024\" height=\"220\" src=\"https:\/\/algerian-business.com\/wp-content\/uploads\/2026\/03\/Algerian-Business-logo-blanc-1024x220.png\" class=\"attachment-large size-large wp-image-155\" alt=\"Logo Algerian Business premier m\u00e9dia business et \u00e9conomique en Alg\u00e9rie\" srcset=\"https:\/\/algerian-business.com\/wp-content\/uploads\/2026\/03\/Algerian-Business-logo-blanc-1024x220.png 1024w, https:\/\/algerian-business.com\/wp-content\/uploads\/2026\/03\/Algerian-Business-logo-blanc-300x64.png 300w, https:\/\/algerian-business.com\/wp-content\/uploads\/2026\/03\/Algerian-Business-logo-blanc-768x165.png 768w, https:\/\/algerian-business.com\/wp-content\/uploads\/2026\/03\/Algerian-Business-logo-blanc-1536x330.png 1536w, https:\/\/algerian-business.com\/wp-content\/uploads\/2026\/03\/Algerian-Business-logo-blanc-2048x440.png 2048w, https:\/\/algerian-business.com\/wp-content\/uploads\/2026\/03\/Algerian-Business-logo-blanc-600x129.png 600w, https:\/\/algerian-business.com\/wp-content\/uploads\/2026\/03\/Algerian-Business-logo-blanc-150x32.png 150w, https:\/\/algerian-business.com\/wp-content\/uploads\/2026\/03\/Algerian-Business-logo-blanc-750x161.png 750w, https:\/\/algerian-business.com\/wp-content\/uploads\/2026\/03\/Algerian-Business-logo-blanc-1140x245.png 1140w\" sizes=\"(max-width: 1024px) 100vw, 1024px\" \/>\t\t\t\t\t\t\t\t\t\t\t\t\t\t\t<\/div>\n\t\t\t\t<\/div>\n\t\t\t\t<div class=\"elementor-element elementor-element-ff8cfe2 elementor-widget elementor-widget-heading\" data-id=\"ff8cfe2\" data-element_type=\"widget\" data-e-type=\"widget\" data-widget_type=\"heading.default\">\n\t\t\t\t\t<h1 class=\"elementor-heading-title elementor-size-default\">Coming Soon<\/h1>\t\t\t\t<\/div>\n\t\t\t\t<div class=\"elementor-element elementor-element-1703483 elementor-widget elementor-widget-button\" data-id=\"1703483\" data-element_type=\"widget\" data-e-type=\"widget\" data-widget_type=\"button.default\">\n\t\t\t\t\t\t\t\t\t\t<a class=\"elementor-button elementor-button-link elementor-size-sm\" href=\"mailto:office@algerian-business.com\">\n\t\t\t\t\t\t<span class=\"elementor-button-content-wrapper\">\n\t\t\t\t\t\t\t\t\t<span class=\"elementor-button-text\">Nous contacter<\/span>\n\t\t\t\t\t<\/span>\n\t\t\t\t\t<\/a>\n\t\t\t\t\t\t\t\t<\/div>\n\t\t\t\t<\/div>\n\t\t\t\t<\/div>\n\t\t","protected":false},"excerpt":{"rendered":"<p>Coming Soon Nous contacter<\/p>\n","protected":false},"author":1,"featured_media":0,"parent":0,"menu_order":0,"comment_status":"closed","ping_status":"closed","template":"elementor_canvas","meta":{"_crdt_document":"","content-type":"","jnews_page_loop":{"first_title":"Latest Post","header_type":"heading_6","layout":"right-sidebar","sidebar":"default-sidebar","second_sidebar":"default-sidebar","sticky_sidebar":"1","module":"3","main_custom_image_size":"default","second_custom_image_size":"default","excerpt_length":"20","content_date":"default","date_custom":"Y\/m\/d","content_pagination":"nav_1","pagination_align":"center","post_sticky":"0","post_offset":"0","posts_per_page":"5","sort_by":"latest"},"jnews_single_page":{"layout":"no-sidebar","sidebar":"default-sidebar","second_sidebar":"default-sidebar","sticky_sidebar":"1","show_post_title":"1","show_post_breadcrumbs":"1","show_post_featured":"1","share_position":"top","share_color":"share-monocrhome"},"jnews_social_meta":[],"footnotes":""},"class_list":["post-179","page","type-page","status-publish","hentry"],"yoast_head":"<!-- This site is optimized with the Yoast SEO plugin v27.1.1 - https:\/\/yoast.com\/product\/yoast-seo-wordpress\/ -->\n<title>Coming soon - Algerian Business<\/title>\n<meta name=\"robots\" content=\"index, follow, max-snippet:-1, max-image-preview:large, max-video-preview:-1\" \/>\n<link rel=\"canonical\" href=\"https:\/\/algerian-business.com\/\" \/>\n<meta property=\"og:locale\" content=\"fr_FR\" \/>\n<meta property=\"og:type\" content=\"article\" \/>\n<meta property=\"og:title\" content=\"Coming soon - Algerian Business\" \/>\n<meta property=\"og:description\" content=\"Coming Soon Nous contacter\" \/>\n<meta property=\"og:url\" content=\"https:\/\/algerian-business.com\/\" \/>\n<meta property=\"og:site_name\" content=\"Algerian Business\" \/>\n<meta property=\"article:modified_time\" content=\"2026-03-05T13:23:15+00:00\" \/>\n<meta property=\"og:image\" content=\"http:\/\/algerian-business.com\/wp-content\/uploads\/2026\/03\/Algerian-Business-logo-blanc-1024x220.png\" \/>\n<meta name=\"twitter:card\" content=\"summary_large_image\" \/>\n<meta name=\"twitter:label1\" content=\"Dur\u00e9e de lecture estim\u00e9e\" \/>\n\t<meta name=\"twitter:data1\" content=\"1 minute\" \/>\n<script type=\"application\/ld+json\" class=\"yoast-schema-graph\">{\"@context\":\"https:\/\/schema.org\",\"@graph\":[{\"@type\":\"WebPage\",\"@id\":\"https:\/\/algerian-business.com\/\",\"url\":\"https:\/\/algerian-business.com\/\",\"name\":\"Coming soon - Algerian Business\",\"isPartOf\":{\"@id\":\"https:\/\/algerian-business.com\/#website\"},\"primaryImageOfPage\":{\"@id\":\"https:\/\/algerian-business.com\/#primaryimage\"},\"image\":{\"@id\":\"https:\/\/algerian-business.com\/#primaryimage\"},\"thumbnailUrl\":\"http:\/\/algerian-business.com\/wp-content\/uploads\/2026\/03\/Algerian-Business-logo-blanc-1024x220.png\",\"datePublished\":\"2026-03-05T13:20:32+00:00\",\"dateModified\":\"2026-03-05T13:23:15+00:00\",\"breadcrumb\":{\"@id\":\"https:\/\/algerian-business.com\/#breadcrumb\"},\"inLanguage\":\"fr-FR\",\"potentialAction\":[{\"@type\":\"ReadAction\",\"target\":[\"https:\/\/algerian-business.com\/\"]}]},{\"@type\":\"ImageObject\",\"inLanguage\":\"fr-FR\",\"@id\":\"https:\/\/algerian-business.com\/#primaryimage\",\"url\":\"https:\/\/algerian-business.com\/wp-content\/uploads\/2026\/03\/Algerian-Business-logo-blanc.png\",\"contentUrl\":\"https:\/\/algerian-business.com\/wp-content\/uploads\/2026\/03\/Algerian-Business-logo-blanc.png\",\"width\":2547,\"height\":547,\"caption\":\"Logo Algerian Business premier m\u00e9dia business et \u00e9conomique en Alg\u00e9rie\"},{\"@type\":\"BreadcrumbList\",\"@id\":\"https:\/\/algerian-business.com\/#breadcrumb\",\"itemListElement\":[{\"@type\":\"ListItem\",\"position\":1,\"name\":\"Accueil\",\"item\":\"https:\/\/algerian-business.com\/\"},{\"@type\":\"ListItem\",\"position\":2,\"name\":\"Coming soon\"}]},{\"@type\":\"WebSite\",\"@id\":\"https:\/\/algerian-business.com\/#website\",\"url\":\"https:\/\/algerian-business.com\/\",\"name\":\"Algerian Business\",\"description\":\"Le premier m\u00e9dia Business en Alg\u00e9rie\",\"potentialAction\":[{\"@type\":\"SearchAction\",\"target\":{\"@type\":\"EntryPoint\",\"urlTemplate\":\"https:\/\/algerian-business.com\/?s={search_term_string}\"},\"query-input\":{\"@type\":\"PropertyValueSpecification\",\"valueRequired\":true,\"valueName\":\"search_term_string\"}}],\"inLanguage\":\"fr-FR\"}]}<\/script>\n<!-- \/ Yoast SEO plugin. -->","yoast_head_json":{"title":"Coming soon - Algerian Business","robots":{"index":"index","follow":"follow","max-snippet":"max-snippet:-1","max-image-preview":"max-image-preview:large","max-video-preview":"max-video-preview:-1"},"canonical":"https:\/\/algerian-business.com\/","og_locale":"fr_FR","og_type":"article","og_title":"Coming soon - Algerian Business","og_description":"Coming Soon Nous contacter","og_url":"https:\/\/algerian-business.com\/","og_site_name":"Algerian Business","article_modified_time":"2026-03-05T13:23:15+00:00","og_image":[{"url":"http:\/\/algerian-business.com\/wp-content\/uploads\/2026\/03\/Algerian-Business-logo-blanc-1024x220.png","type":"","width":"","height":""}],"twitter_card":"summary_large_image","twitter_misc":{"Dur\u00e9e de lecture estim\u00e9e":"1 minute"},"schema":{"@context":"https:\/\/schema.org","@graph":[{"@type":"WebPage","@id":"https:\/\/algerian-business.com\/","url":"https:\/\/algerian-business.com\/","name":"Coming soon - Algerian Business","isPartOf":{"@id":"https:\/\/algerian-business.com\/#website"},"primaryImageOfPage":{"@id":"https:\/\/algerian-business.com\/#primaryimage"},"image":{"@id":"https:\/\/algerian-business.com\/#primaryimage"},"thumbnailUrl":"http:\/\/algerian-business.com\/wp-content\/uploads\/2026\/03\/Algerian-Business-logo-blanc-1024x220.png","datePublished":"2026-03-05T13:20:32+00:00","dateModified":"2026-03-05T13:23:15+00:00","breadcrumb":{"@id":"https:\/\/algerian-business.com\/#breadcrumb"},"inLanguage":"fr-FR","potentialAction":[{"@type":"ReadAction","target":["https:\/\/algerian-business.com\/"]}]},{"@type":"ImageObject","inLanguage":"fr-FR","@id":"https:\/\/algerian-business.com\/#primaryimage","url":"https:\/\/algerian-business.com\/wp-content\/uploads\/2026\/03\/Algerian-Business-logo-blanc.png","contentUrl":"https:\/\/algerian-business.com\/wp-content\/uploads\/2026\/03\/Algerian-Business-logo-blanc.png","width":2547,"height":547,"caption":"Logo Algerian Business premier m\u00e9dia business et \u00e9conomique en Alg\u00e9rie"},{"@type":"BreadcrumbList","@id":"https:\/\/algerian-business.com\/#breadcrumb","itemListElement":[{"@type":"ListItem","position":1,"name":"Accueil","item":"https:\/\/algerian-business.com\/"},{"@type":"ListItem","position":2,"name":"Coming soon"}]},{"@type":"WebSite","@id":"https:\/\/algerian-business.com\/#website","url":"https:\/\/algerian-business.com\/","name":"Algerian Business","description":"Le premier m\u00e9dia Business en Alg\u00e9rie","potentialAction":[{"@type":"SearchAction","target":{"@type":"EntryPoint","urlTemplate":"https:\/\/algerian-business.com\/?s={search_term_string}"},"query-input":{"@type":"PropertyValueSpecification","valueRequired":true,"valueName":"search_term_string"}}],"inLanguage":"fr-FR"}]}},"amp_enabled":false,"_links":{"self":[{"href":"https:\/\/algerian-business.com\/index.php\/wp-json\/wp\/v2\/pages\/179","targetHints":{"allow":["GET"]}}],"collection":[{"href":"https:\/\/algerian-business.com\/index.php\/wp-json\/wp\/v2\/pages"}],"about":[{"href":"https:\/\/algerian-business.com\/index.php\/wp-json\/wp\/v2\/types\/page"}],"author":[{"embeddable":true,"href":"https:\/\/algerian-business.com\/index.php\/wp-json\/wp\/v2\/users\/1"}],"replies":[{"embeddable":true,"href":"https:\/\/algerian-business.com\/index.php\/wp-json\/wp\/v2\/comments?post=179"}],"version-history":[{"count":3,"href":"https:\/\/algerian-business.com\/index.php\/wp-json\/wp\/v2\/pages\/179\/revisions"}],"predecessor-version":[{"id":183,"href":"https:\/\/algerian-business.com\/index.php\/wp-json\/wp\/v2\/pages\/179\/revisions\/183"}],"wp:attachment":[{"href":"https:\/\/algerian-business.com\/index.php\/wp-json\/wp\/v2\/media?parent=179"}],"curies":[{"name":"wp","href":"https:\/\/api.w.org\/{rel}","templated":true}]}}